{"id":863,"date":"2022-04-21T13:16:54","date_gmt":"2022-04-21T11:16:54","guid":{"rendered":"https:\/\/barbara-ossevorth.de\/coaching\/?page_id=863"},"modified":"2026-01-21T19:18:00","modified_gmt":"2026-01-21T18:18:00","slug":"ueber-mich-meine-mission","status":"publish","type":"page","link":"https:\/\/barbara-ossevorth.de\/coaching\/ueber-mich-meine-mission\/","title":{"rendered":"\u00dcber mich &#038; meine Mission"},"content":{"rendered":"<section class=\"l-section wpb_row us_custom_fe4b4c4a bo-noborder height_auto width_full parallax_fixed\"><div class=\"l-section-h i-cf\"><div class=\"g-cols vc_row via_grid cols_1 laptops-cols_inherit tablets-cols_inherit mobiles-cols_1 valign_top type_default stacking_default\"><div class=\"wpb_column vc_column_container\"><div class=\"vc_column-inner\"><div class=\"g-cols wpb_row us_custom_d98645bd via_grid cols_2 laptops-cols_inherit tablets-cols_inherit mobiles-cols_1 valign_top type_default reversed stacking_default\" style=\"--gap:10px;\"><div class=\"wpb_column vc_column_container\"><div class=\"vc_column-inner\"><div class=\"wpb_text_column us_custom_14b33a03\"><div class=\"wpb_wrapper\"><h1>\u00dcber mich &amp; meine Mission<\/h1>\n<p>Ich bin davon \u00fcberzeugt, dass jeder Mensch einen Weg in seinem Leben finden kann, der ihm erlaubt sich zu entfalten und gl\u00fccklich zu sein.<\/p>\n<p>Daf\u00fcr braucht es eine klare Wahrnehmung, bewusste Entscheidungen und einen liebevollen Umgang mit sich selbst.<\/p>\n<p>Dies ist meine Leitlinie als Frau, Mutter, Sozialarbeiterin, Yogalehrerin und ganz besonders als Coachin.<\/p>\n<p>Vor \u00fcber zwanzig Jahren bin ich auf der Suche nach neuen Abenteuern von \u00d6sterreich nach Berlin gekommen und geblieben. Mit meinem Mann, unserer 15j\u00e4hrigen Tochter und unserem Hund lebe ich teils in der Stadt und teils in Brandenburg auf dem Land.<\/p>\n<p>Als Sozialp\u00e4dagogin und Jobcoachin habe ich 15 Jahre lang junge Erwachsene beim Entwickeln und Umsetzen neuer Perspektiven und Ziele unterst\u00fctzt und sie durch verschiedenste Krisen begleitet. Parallel dazu bin ich seit 2005 <a href=\"https:\/\/barbara-ossevorth.de\" target=\"_blank\" rel=\"noopener\">freiberufliche Yoga Lehrerin<\/a> und gebe regelm\u00e4\u00dfige Kurse, Workshops und Seminare.<\/p>\n<p>2022 habe ich meinen Traum wahr gemacht und mich von der Sozialarbeit verabschiedet, um mich ganz meinen beiden Passionen zu widmen: Yoga und Coaching. Seitdem arbeite ich als systemische \/ NLP Coachin und Yogalehrerin und leite Coaching Seminare mit Yoga- und Achtsamkeitselementen.<\/p>\n<p><strong>WAS MICH AUSMACHT<\/strong><\/p>\n<p>Ich bin eine lebensfrohe Person, die gerne lacht und motiviert und dir gleichzeitig viel Raum gibt. Meine Coachees sch\u00e4tzen mein Einf\u00fchlungsverm\u00f6gen, meine F\u00e4higkeit sie sicher durch den Prozess zu leiten und mein Talent bei schwierigen Themen die Quintessenz herauszuarbeiten.<\/p>\n<p><strong>BERUFLICHE QUALIFIKATIONEN<\/strong><\/p>\n<ul>\n<li>systemische Coachin, 2022<\/li>\n<li>NLP Coachin (DVNLP), 2017<\/li>\n<li>NLP Practitioner (DVNLP), 2016<\/li>\n<li>Sozialp\u00e4dagogin (BA), 2000<\/li>\n<li>Gruppenleiterin f\u00fcr biographisches Schreiben, 2007<\/li>\n<li>Kursleiterin Element Yoga (500 Std.), 2024<\/li>\n<li>Kursleiterin Hatha Vinyasa Yoga (200 Std.), 2005<\/li>\n<\/ul>\n<\/div><\/div><\/div><\/div><div class=\"wpb_column vc_column_container\"><div class=\"vc_column-inner\"><div class=\"w-image us_custom_cb53fd24 align_center\"><div class=\"w-image-h\"><img decoding=\"async\" width=\"1922\" height=\"2560\" src=\"https:\/\/barbara-ossevorth.de\/coaching\/wp-content\/uploads\/2023\/05\/Auswahl-02-v0.3-6092-scaled.jpeg\" class=\"attachment-full size-full\" alt=\"\" loading=\"lazy\" srcset=\"https:\/\/barbara-ossevorth.de\/coaching\/wp-content\/uploads\/2023\/05\/Auswahl-02-v0.3-6092-scaled.jpeg 1922w, https:\/\/barbara-ossevorth.de\/coaching\/wp-content\/uploads\/2023\/05\/Auswahl-02-v0.3-6092-225x300.jpeg 225w, https:\/\/barbara-ossevorth.de\/coaching\/wp-content\/uploads\/2023\/05\/Auswahl-02-v0.3-6092-769x1024.jpeg 769w\" sizes=\"auto, (max-width: 1922px) 100vw, 1922px\" \/><\/div><\/div><\/div><\/div><\/div><div class=\"g-cols wpb_row us_custom_4c5311b6 via_grid cols_1 laptops-cols_inherit tablets-cols_inherit mobiles-cols_1 valign_top type_default stacking_default\" style=\"--gap:3rem;\"><div class=\"wpb_column vc_column_container\"><div class=\"vc_column-inner\"><div class=\"w-btn-wrapper align_center\"><a class=\"w-btn us-btn-style_1 us_custom_2f2d6a86\" href=\"https:\/\/barbara-ossevorth.de\/coaching\/#ubermich\"><span class=\"w-btn-label\">zur\u00fcck<\/span><\/a><\/div><\/div><\/div><\/div><div class=\"g-cols wpb_row us_custom_4176620b via_grid cols_2 laptops-cols_inherit tablets-cols_inherit mobiles-cols_1 valign_top type_default stacking_default\" style=\"--gap:3rem;\"><div class=\"wpb_column vc_column_container\"><div class=\"vc_column-inner\"><div class=\"wpb_text_column us_custom_1f8c2309\"><div class=\"wpb_wrapper\"><p><a style=\"color: #000000!important;\" href=\"https:\/\/barbara-ossevorth.de\/coaching\/impressum\/\">Impressum<\/a> | <a style=\"color: #000000!important;\" href=\"https:\/\/barbara-ossevorth.de\/coaching\/datenschutz\/\">Datenschutz<\/a> | <a style=\"color: #000000!important;\" href=\"https:\/\/barbara-ossevorth.de\/coaching\/cookie-richtlinie-eu\/\">Cookie-Richtlinie<\/a><\/p>\n<\/div><\/div><\/div><\/div><div class=\"wpb_column vc_column_container\"><div class=\"vc_column-inner\"><div class=\"w-socials us_custom_98db6dd6 color_brand shape_square style_default hover_fade\"><div class=\"w-socials-list\"><div class=\"w-socials-item instagram\"><a target=\"_blank\" rel=\"nofollow\" href=\"https:\/\/www.instagram.com\/barbara_flow_yoga\/\" class=\"w-socials-item-link\" title=\"Instagram\" aria-label=\"Instagram\"><span class=\"w-socials-item-link-hover\"><\/span><i class=\"fab fa-instagram\"><\/i><\/a><div class=\"w-socials-item-popup\"><span>Instagram<\/span><\/div><\/div><div class=\"w-socials-item email\"><a target=\"_blank\" rel=\"nofollow\" href=\"mailto:info@barbara-pssevorth.de\" class=\"w-socials-item-link\" title=\"E-Mail-Adresse\" aria-label=\"E-Mail-Adresse\"><span class=\"w-socials-item-link-hover\"><\/span><i class=\"fas fa-envelope\"><\/i><\/a><div class=\"w-socials-item-popup\"><span>E-Mail-Adresse<\/span><\/div><\/div><\/div><\/div><\/div><\/div><\/div><\/div><\/div><\/div><\/div><\/section>\n","protected":false},"excerpt":{"rendered":"\u00dcber mich &amp; meine Mission Ich bin davon \u00fcberzeugt, dass jeder Mensch einen Weg in seinem Leben finden kann, der ihm erlaubt sich zu entfalten und gl\u00fccklich zu sein. Daf\u00fcr braucht es eine klare Wahrnehmung, bewusste Entscheidungen und einen liebevollen Umgang mit sich selbst. Dies ist meine Leitlinie als Frau, Mutter, Sozialarbeiterin, Yogalehrerin und ganz...","protected":false},"author":1,"featured_media":0,"parent":0,"menu_order":0,"comment_status":"closed","ping_status":"closed","template":"","meta":{"_acf_changed":false,"inline_featured_image":false,"footnotes":""},"class_list":["post-863","page","type-page","status-publish","hentry"],"acf":[],"yoast_head":"<!-- This site is optimized with the Yoast SEO plugin v27.4 - https:\/\/yoast.com\/product\/yoast-seo-wordpress\/ -->\n<title>\u00dcber mich &amp; meine Mission - Barbara Ossevorth<\/title>\n<meta name=\"robots\" content=\"index, follow, max-snippet:-1, max-image-preview:large, max-video-preview:-1\" \/>\n<link rel=\"canonical\" href=\"https:\/\/barbara-ossevorth.de\/coaching\/ueber-mich-meine-mission\/\" \/>\n<meta property=\"og:locale\" content=\"de_DE\" \/>\n<meta property=\"og:type\" content=\"article\" \/>\n<meta property=\"og:title\" content=\"\u00dcber mich &amp; meine Mission - Barbara Ossevorth\" \/>\n<meta property=\"og:url\" content=\"https:\/\/barbara-ossevorth.de\/coaching\/ueber-mich-meine-mission\/\" \/>\n<meta property=\"og:site_name\" content=\"Barbara Ossevorth\" \/>\n<meta property=\"article:modified_time\" content=\"2026-01-21T18:18:00+00:00\" \/>\n<meta name=\"twitter:card\" content=\"summary_large_image\" \/>\n<meta name=\"twitter:label1\" content=\"Gesch\u00e4tzte Lesezeit\" \/>\n\t<meta name=\"twitter:data1\" content=\"2\u00a0Minuten\" \/>\n<script type=\"application\/ld+json\" class=\"yoast-schema-graph\">{\"@context\":\"https:\\\/\\\/schema.org\",\"@graph\":[{\"@type\":\"WebPage\",\"@id\":\"https:\\\/\\\/barbara-ossevorth.de\\\/coaching\\\/ueber-mich-meine-mission\\\/\",\"url\":\"https:\\\/\\\/barbara-ossevorth.de\\\/coaching\\\/ueber-mich-meine-mission\\\/\",\"name\":\"\u00dcber mich & meine Mission - Barbara Ossevorth\",\"isPartOf\":{\"@id\":\"https:\\\/\\\/barbara-ossevorth.de\\\/coaching\\\/#website\"},\"datePublished\":\"2022-04-21T11:16:54+00:00\",\"dateModified\":\"2026-01-21T18:18:00+00:00\",\"breadcrumb\":{\"@id\":\"https:\\\/\\\/barbara-ossevorth.de\\\/coaching\\\/ueber-mich-meine-mission\\\/#breadcrumb\"},\"inLanguage\":\"de\",\"potentialAction\":[{\"@type\":\"ReadAction\",\"target\":[\"https:\\\/\\\/barbara-ossevorth.de\\\/coaching\\\/ueber-mich-meine-mission\\\/\"]}]},{\"@type\":\"BreadcrumbList\",\"@id\":\"https:\\\/\\\/barbara-ossevorth.de\\\/coaching\\\/ueber-mich-meine-mission\\\/#breadcrumb\",\"itemListElement\":[{\"@type\":\"ListItem\",\"position\":1,\"name\":\"Startseite\",\"item\":\"https:\\\/\\\/barbara-ossevorth.de\\\/coaching\\\/\"},{\"@type\":\"ListItem\",\"position\":2,\"name\":\"\u00dcber mich &#038; meine Mission\"}]},{\"@type\":\"WebSite\",\"@id\":\"https:\\\/\\\/barbara-ossevorth.de\\\/coaching\\\/#website\",\"url\":\"https:\\\/\\\/barbara-ossevorth.de\\\/coaching\\\/\",\"name\":\"Barbara Ossevorth\",\"description\":\"Vinyasa Flow Yoga\",\"publisher\":{\"@id\":\"https:\\\/\\\/barbara-ossevorth.de\\\/coaching\\\/#organization\"},\"potentialAction\":[{\"@type\":\"SearchAction\",\"target\":{\"@type\":\"EntryPoint\",\"urlTemplate\":\"https:\\\/\\\/barbara-ossevorth.de\\\/coaching\\\/?s={search_term_string}\"},\"query-input\":{\"@type\":\"PropertyValueSpecification\",\"valueRequired\":true,\"valueName\":\"search_term_string\"}}],\"inLanguage\":\"de\"},{\"@type\":\"Organization\",\"@id\":\"https:\\\/\\\/barbara-ossevorth.de\\\/coaching\\\/#organization\",\"name\":\"Barbara Ossevorth\",\"url\":\"https:\\\/\\\/barbara-ossevorth.de\\\/coaching\\\/\",\"logo\":{\"@type\":\"ImageObject\",\"inLanguage\":\"de\",\"@id\":\"https:\\\/\\\/barbara-ossevorth.de\\\/coaching\\\/#\\\/schema\\\/logo\\\/image\\\/\",\"url\":\"https:\\\/\\\/barbara-ossevorth.de\\\/coaching\\\/wp-content\\\/uploads\\\/2022\\\/03\\\/BarbaraOssevorth_Logo_Coaching_RGB_schwarz.svg\",\"contentUrl\":\"https:\\\/\\\/barbara-ossevorth.de\\\/coaching\\\/wp-content\\\/uploads\\\/2022\\\/03\\\/BarbaraOssevorth_Logo_Coaching_RGB_schwarz.svg\",\"width\":\"1024\",\"height\":\"1024\",\"caption\":\"Barbara Ossevorth\"},\"image\":{\"@id\":\"https:\\\/\\\/barbara-ossevorth.de\\\/coaching\\\/#\\\/schema\\\/logo\\\/image\\\/\"},\"sameAs\":[\"https:\\\/\\\/www.instagram.com\\\/barbara_flow_yoga\\\/\"]}]}<\/script>\n<!-- \/ Yoast SEO plugin. -->","yoast_head_json":{"title":"\u00dcber mich & meine Mission - Barbara Ossevorth","robots":{"index":"index","follow":"follow","max-snippet":"max-snippet:-1","max-image-preview":"max-image-preview:large","max-video-preview":"max-video-preview:-1"},"canonical":"https:\/\/barbara-ossevorth.de\/coaching\/ueber-mich-meine-mission\/","og_locale":"de_DE","og_type":"article","og_title":"\u00dcber mich & meine Mission - Barbara Ossevorth","og_url":"https:\/\/barbara-ossevorth.de\/coaching\/ueber-mich-meine-mission\/","og_site_name":"Barbara Ossevorth","article_modified_time":"2026-01-21T18:18:00+00:00","twitter_card":"summary_large_image","twitter_misc":{"Gesch\u00e4tzte Lesezeit":"2\u00a0Minuten"},"schema":{"@context":"https:\/\/schema.org","@graph":[{"@type":"WebPage","@id":"https:\/\/barbara-ossevorth.de\/coaching\/ueber-mich-meine-mission\/","url":"https:\/\/barbara-ossevorth.de\/coaching\/ueber-mich-meine-mission\/","name":"\u00dcber mich & meine Mission - Barbara Ossevorth","isPartOf":{"@id":"https:\/\/barbara-ossevorth.de\/coaching\/#website"},"datePublished":"2022-04-21T11:16:54+00:00","dateModified":"2026-01-21T18:18:00+00:00","breadcrumb":{"@id":"https:\/\/barbara-ossevorth.de\/coaching\/ueber-mich-meine-mission\/#breadcrumb"},"inLanguage":"de","potentialAction":[{"@type":"ReadAction","target":["https:\/\/barbara-ossevorth.de\/coaching\/ueber-mich-meine-mission\/"]}]},{"@type":"BreadcrumbList","@id":"https:\/\/barbara-ossevorth.de\/coaching\/ueber-mich-meine-mission\/#breadcrumb","itemListElement":[{"@type":"ListItem","position":1,"name":"Startseite","item":"https:\/\/barbara-ossevorth.de\/coaching\/"},{"@type":"ListItem","position":2,"name":"\u00dcber mich &#038; meine Mission"}]},{"@type":"WebSite","@id":"https:\/\/barbara-ossevorth.de\/coaching\/#website","url":"https:\/\/barbara-ossevorth.de\/coaching\/","name":"Barbara Ossevorth","description":"Vinyasa Flow Yoga","publisher":{"@id":"https:\/\/barbara-ossevorth.de\/coaching\/#organization"},"potentialAction":[{"@type":"SearchAction","target":{"@type":"EntryPoint","urlTemplate":"https:\/\/barbara-ossevorth.de\/coaching\/?s={search_term_string}"},"query-input":{"@type":"PropertyValueSpecification","valueRequired":true,"valueName":"search_term_string"}}],"inLanguage":"de"},{"@type":"Organization","@id":"https:\/\/barbara-ossevorth.de\/coaching\/#organization","name":"Barbara Ossevorth","url":"https:\/\/barbara-ossevorth.de\/coaching\/","logo":{"@type":"ImageObject","inLanguage":"de","@id":"https:\/\/barbara-ossevorth.de\/coaching\/#\/schema\/logo\/image\/","url":"https:\/\/barbara-ossevorth.de\/coaching\/wp-content\/uploads\/2022\/03\/BarbaraOssevorth_Logo_Coaching_RGB_schwarz.svg","contentUrl":"https:\/\/barbara-ossevorth.de\/coaching\/wp-content\/uploads\/2022\/03\/BarbaraOssevorth_Logo_Coaching_RGB_schwarz.svg","width":"1024","height":"1024","caption":"Barbara Ossevorth"},"image":{"@id":"https:\/\/barbara-ossevorth.de\/coaching\/#\/schema\/logo\/image\/"},"sameAs":["https:\/\/www.instagram.com\/barbara_flow_yoga\/"]}]}},"_links":{"self":[{"href":"https:\/\/barbara-ossevorth.de\/coaching\/wp-json\/wp\/v2\/pages\/863","targetHints":{"allow":["GET"]}}],"collection":[{"href":"https:\/\/barbara-ossevorth.de\/coaching\/wp-json\/wp\/v2\/pages"}],"about":[{"href":"https:\/\/barbara-ossevorth.de\/coaching\/wp-json\/wp\/v2\/types\/page"}],"author":[{"embeddable":true,"href":"https:\/\/barbara-ossevorth.de\/coaching\/wp-json\/wp\/v2\/users\/1"}],"replies":[{"embeddable":true,"href":"https:\/\/barbara-ossevorth.de\/coaching\/wp-json\/wp\/v2\/comments?post=863"}],"version-history":[{"count":39,"href":"https:\/\/barbara-ossevorth.de\/coaching\/wp-json\/wp\/v2\/pages\/863\/revisions"}],"predecessor-version":[{"id":1794,"href":"https:\/\/barbara-ossevorth.de\/coaching\/wp-json\/wp\/v2\/pages\/863\/revisions\/1794"}],"wp:attachment":[{"href":"https:\/\/barbara-ossevorth.de\/coaching\/wp-json\/wp\/v2\/media?parent=863"}],"curies":[{"name":"wp","href":"https:\/\/api.w.org\/{rel}","templated":true}]}}